{"id":9,"date":"2017-10-21T17:42:02","date_gmt":"2017-10-21T15:42:02","guid":{"rendered":"http:\/\/dietetique77.fr\/?page_id=9"},"modified":"2024-07-01T12:52:52","modified_gmt":"2024-07-01T10:52:52","slug":"contact","status":"publish","type":"page","link":"https:\/\/dietetique77.fr\/?page_id=9","title":{"rendered":"Contact"},"content":{"rendered":"<h2>\u00a0<\/h2>\n<p><img loading=\"lazy\" decoding=\"async\" class=\"size-medium wp-image-77 alignright\" src=\"http:\/\/dietetique77.fr\/wp-content\/uploads\/2017\/10\/Carte_2-300x219.jpg\" alt=\"\" width=\"300\" height=\"219\" srcset=\"https:\/\/dietetique77.fr\/wp-content\/uploads\/2017\/10\/Carte_2-300x219.jpg 300w, https:\/\/dietetique77.fr\/wp-content\/uploads\/2017\/10\/Carte_2.jpg 512w\" sizes=\"(max-width: 300px) 100vw, 300px\" \/><img loading=\"lazy\" decoding=\"async\" class=\"size-medium wp-image-76 alignnone\" src=\"http:\/\/dietetique77.fr\/wp-content\/uploads\/2017\/10\/Carte_1-300x107.jpg\" alt=\"\" width=\"300\" height=\"107\" srcset=\"https:\/\/dietetique77.fr\/wp-content\/uploads\/2017\/10\/Carte_1-300x107.jpg 300w, https:\/\/dietetique77.fr\/wp-content\/uploads\/2017\/10\/Carte_1.jpg 444w\" sizes=\"(max-width: 300px) 100vw, 300px\" \/><\/p>\n<p>Mon cabinet se trouve dans la <strong>ZAC des 18 Arpents \u00e0 Boissy-Le-Ch\u00e2tel<\/strong> (\u00e0 cot\u00e9 de Coulommiers). Il est situ\u00e9 \u00e0 droite du cabinet de kin\u00e9sith\u00e9rapie (derri\u00e8re le magasin U), au 1er \u00e9tage.<\/p>\n<p>Le cabinet \u00e9tant situ\u00e9 au 1er \u00e9tage sans ascenseur, il n&rsquo;est <strong>pas accessible aux personnes \u00e0 mobilit\u00e9 r\u00e9duite<\/strong>. Je peux dans ce cas effectuer une consultation \u00e0 domicile.<\/p>\n<p>Pour prendre rendez-vous, Vous pouvez aller sur le site <a href=\"https:\/\/www.doctolib.fr\/dieteticien\/boissy-le-chatel\/adeline-gerzaguet\" target=\"_blank\" rel=\"noopener noreferrer\">DOCTOLIB<\/a> ou appeler le <strong>07 81 67 23 22<\/strong>. N&rsquo;h\u00e9sitez pas \u00e0 laisser un message ou envoyer un SMS, je vous rappellerai d\u00e8s que possible.<\/p>\n\n\n<p><\/p>\n","protected":false},"excerpt":{"rendered":"<p>\u00a0 Mon cabinet se trouve dans la ZAC des 18 Arpents \u00e0 Boissy-Le-Ch\u00e2tel (\u00e0 cot\u00e9 de Coulommiers). Il est situ\u00e9 \u00e0 droite du cabinet de kin\u00e9sith\u00e9rapie (derri\u00e8re le magasin U), au 1er \u00e9tage. Le cabinet \u00e9tant situ\u00e9 au 1er \u00e9tage &hellip; <a href=\"https:\/\/dietetique77.fr\/?page_id=9\">Continuer la lecture <span class=\"meta-nav\">&rarr;<\/span><\/a><\/p>\n","protected":false},"author":1,"featured_media":4,"parent":0,"menu_order":5,"comment_status":"closed","ping_status":"closed","template":"","meta":{"_mi_skip_tracking":false,"_monsterinsights_sitenote_active":false,"_monsterinsights_sitenote_note":"","_monsterinsights_sitenote_category":0,"jetpack_post_was_ever_published":false,"footnotes":""},"jetpack_sharing_enabled":true,"jetpack_shortlink":"https:\/\/wp.me\/P9AQGn-9","_links":{"self":[{"href":"https:\/\/dietetique77.fr\/index.php?rest_route=\/wp\/v2\/pages\/9"}],"collection":[{"href":"https:\/\/dietetique77.fr\/index.php?rest_route=\/wp\/v2\/pages"}],"about":[{"href":"https:\/\/dietetique77.fr\/index.php?rest_route=\/wp\/v2\/types\/page"}],"author":[{"embeddable":true,"href":"https:\/\/dietetique77.fr\/index.php?rest_route=\/wp\/v2\/users\/1"}],"replies":[{"embeddable":true,"href":"https:\/\/dietetique77.fr\/index.php?rest_route=%2Fwp%2Fv2%2Fcomments&post=9"}],"version-history":[{"count":10,"href":"https:\/\/dietetique77.fr\/index.php?rest_route=\/wp\/v2\/pages\/9\/revisions"}],"predecessor-version":[{"id":247,"href":"https:\/\/dietetique77.fr\/index.php?rest_route=\/wp\/v2\/pages\/9\/revisions\/247"}],"wp:featuredmedia":[{"embeddable":true,"href":"https:\/\/dietetique77.fr\/index.php?rest_route=\/wp\/v2\/media\/4"}],"wp:attachment":[{"href":"https:\/\/dietetique77.fr\/index.php?rest_route=%2Fwp%2Fv2%2Fmedia&parent=9"}],"curies":[{"name":"wp","href":"https:\/\/api.w.org\/{rel}","templated":true}]}}