{"id":8,"date":"2017-10-21T17:42:02","date_gmt":"2017-10-21T15:42:02","guid":{"rendered":"http:\/\/dietetique77.fr\/?page_id=8"},"modified":"2025-08-29T11:20:14","modified_gmt":"2025-08-29T09:20:14","slug":"a-propos-de","status":"publish","type":"page","link":"https:\/\/dietetique77.fr\/?page_id=8","title":{"rendered":"Tarifs"},"content":{"rendered":"<ul>\n<li><strong><span style=\"color: #339966;\">1\u00e8re consultation adulte<\/span> <\/strong>: 65 \u20ac (120\u20ac en couple)<\/li>\n<li><span style=\"color: #00ccff;\"><span style=\"color: #008000;\"><span style=\"color: #339966;\"><strong><span style=\"color: #339966;\">Consultation de suivi adulte : <\/span><\/strong><\/span><\/span><\/span>45 \u20ac (84\u20ac en couple)<\/li>\n<li><span style=\"color: #339966;\"><strong>Reprise de suivi<\/strong><\/span> (si le dernier rendez-vous date de plus de 6 mois) : 55 \u20ac<\/li>\n<li><span style=\"color: #339966;\"><strong>1\u00e8re consultation b\u00e9b\u00e9 \/ enfant <\/strong><\/span>: 70 \u20ac<\/li>\n<li><span style=\"color: #00ccff;\"><span style=\"color: #008000;\"><span style=\"color: #339966;\"><strong><span style=\"color: #339966;\">Consultation de suivi enfant : <\/span><\/strong><\/span><\/span><\/span>50 \u20ac<\/li>\n<\/ul>\n<p><em>Paiement possible par CB, ch\u00e8que ou esp\u00e8ce.<\/em><\/p>\n<p><em>Possibilit\u00e9 de forfait \u00e0 la demande (payable \u00e0 l&rsquo;avance).<\/em><\/p>\n<p><em>Une note d&rsquo;honoraire vous sera d\u00e9livr\u00e9e \u00e0 chaque consultation.<\/em><\/p>\n<p><u>Prise en charge des consultations di\u00e9t\u00e9tiques :<\/u><\/p>\n<p>Les consultations di\u00e9t\u00e9tiques\u00a0 ne peuvent en aucun cas \u00eatre rembours\u00e9es par la s\u00e9curit\u00e9 sociale.<\/p>\n<p>Mais elles sont de plus en plus rembours\u00e9es partiellement par les assurances sant\u00e9 et mutuelles compl\u00e9mentaires. N&rsquo;h\u00e9sitez pas \u00e0 vous renseigner aupr\u00e8s de votre mutuelle.<\/p>\n","protected":false},"excerpt":{"rendered":"<p>1\u00e8re consultation adulte : 65 \u20ac (120\u20ac en couple) Consultation de suivi adulte : 45 \u20ac (84\u20ac en couple) Reprise de suivi (si le dernier rendez-vous date de plus de 6 mois) : 55 \u20ac 1\u00e8re consultation b\u00e9b\u00e9 \/ enfant &hellip; <a href=\"https:\/\/dietetique77.fr\/?page_id=8\">Continuer la lecture <span class=\"meta-nav\">&rarr;<\/span><\/a><\/p>\n","protected":false},"author":1,"featured_media":5,"parent":0,"menu_order":4,"comment_status":"closed","ping_status":"closed","template":"","meta":{"_mi_skip_tracking":false,"_monsterinsights_sitenote_active":false,"_monsterinsights_sitenote_note":"","_monsterinsights_sitenote_category":0,"jetpack_post_was_ever_published":false,"footnotes":""},"jetpack_sharing_enabled":true,"jetpack_shortlink":"https:\/\/wp.me\/P9AQGn-8","_links":{"self":[{"href":"https:\/\/dietetique77.fr\/index.php?rest_route=\/wp\/v2\/pages\/8"}],"collection":[{"href":"https:\/\/dietetique77.fr\/index.php?rest_route=\/wp\/v2\/pages"}],"about":[{"href":"https:\/\/dietetique77.fr\/index.php?rest_route=\/wp\/v2\/types\/page"}],"author":[{"embeddable":true,"href":"https:\/\/dietetique77.fr\/index.php?rest_route=\/wp\/v2\/users\/1"}],"replies":[{"embeddable":true,"href":"https:\/\/dietetique77.fr\/index.php?rest_route=%2Fwp%2Fv2%2Fcomments&post=8"}],"version-history":[{"count":27,"href":"https:\/\/dietetique77.fr\/index.php?rest_route=\/wp\/v2\/pages\/8\/revisions"}],"predecessor-version":[{"id":291,"href":"https:\/\/dietetique77.fr\/index.php?rest_route=\/wp\/v2\/pages\/8\/revisions\/291"}],"wp:featuredmedia":[{"embeddable":true,"href":"https:\/\/dietetique77.fr\/index.php?rest_route=\/wp\/v2\/media\/5"}],"wp:attachment":[{"href":"https:\/\/dietetique77.fr\/index.php?rest_route=%2Fwp%2Fv2%2Fmedia&parent=8"}],"curies":[{"name":"wp","href":"https:\/\/api.w.org\/{rel}","templated":true}]}}