{"id":2,"date":"2017-10-16T20:48:25","date_gmt":"2017-10-16T18:48:25","guid":{"rendered":"http:\/\/dietetique77.fr\/?page_id=2"},"modified":"2025-08-29T11:23:06","modified_gmt":"2025-08-29T09:23:06","slug":"page-d-exemple","status":"publish","type":"page","link":"https:\/\/dietetique77.fr\/?page_id=2","title":{"rendered":"Consultations"},"content":{"rendered":"<ul>\n<li><strong>1\u00e8re consultation : le bilan nutritionnel<\/strong> &#8211; environ 1h (adulte) \u00e0 1h30 (b\u00e9b\u00e9 \/ enfant)<\/li>\n<\/ul>\n<p>Cette premi\u00e8re consultation est tr\u00e8s importante. Elle me permettra de mieux vous connaitre et de faire un bilan complet sur votre alimentation afin de vous proposer une prise en charge <strong>personnelle.<\/strong><\/p>\n<p>Nous explorons et analysons ensemble l\u2019histoire de votre poids, votre comportement alimentaire, vos habitudes de vie et habitudes alimentaires, vos go\u00fbts et pr\u00e9f\u00e9rences alimentaires, votre \u00e9tat de sant\u00e9, votre \u00e9tat psychologique, vos ant\u00e9c\u00e9dents m\u00e9dicaux, les bilans biologiques&#8230;<\/p>\n<p>Au terme de cette consultation globale, je vous proposerais des objectifs de prise en charge personnalis\u00e9s et adapt\u00e9s. Nous d\u00e9finissons ensemble les objectifs \u00e0 atteindre et la fr\u00e9quence des consultations de suivi.<\/p>\n<p>Si vous avez des bilans sanguins r\u00e9cents (moins de 2 ans), merci de les apporter.<\/p>\n<p>Pour les enfants, merci d&rsquo;apporter leur carnet de sant\u00e9.<\/p>\n<ul>\n<li><strong>Consultation de suivi <\/strong>&#8211; environ 30min (adulte) \u00e0 45min (b\u00e9b\u00e9 \/ enfant)<\/li>\n<\/ul>\n<p>La fr\u00e9quence des consultations et la dur\u00e9e totale du suivi seront variables et adapt\u00e9es \u00e0 vos besoins.<\/p>\n<p>Nous \u00e9valuerons \u00e0 chaque consultation les objectifs d\u00e9finis lors de la pr\u00e9c\u00e9dente consultation et nous red\u00e9finirons de nouveaux objectifs en fonction des difficult\u00e9s rencontr\u00e9es, de l\u2019\u00e9volution\u2026<\/p>\n<ul>\n<li><strong>Imp\u00e9dancem\u00e9trie (sur balance Tanita SC-330)<\/strong><\/li>\n<\/ul>\n<p><img loading=\"lazy\" decoding=\"async\" class=\" wp-image-79 alignleft\" src=\"http:\/\/dietetique77.fr\/wp-content\/uploads\/2017\/10\/Imp\u00e9dance-56x300.jpg\" alt=\"\" width=\"230\" height=\"1232\" srcset=\"https:\/\/dietetique77.fr\/wp-content\/uploads\/2017\/10\/Imp\u00e9dance-56x300.jpg 56w, https:\/\/dietetique77.fr\/wp-content\/uploads\/2017\/10\/Imp\u00e9dance-768x4113.jpg 768w, https:\/\/dietetique77.fr\/wp-content\/uploads\/2017\/10\/Imp\u00e9dance-191x1024.jpg 191w, https:\/\/dietetique77.fr\/wp-content\/uploads\/2017\/10\/Imp\u00e9dance.jpg 1249w\" sizes=\"(max-width: 230px) 100vw, 230px\" \/>L&rsquo;imp\u00e9dancem\u00e9trie est une technique permettant de connaitre la composition corporelle d&rsquo;un organisme. Elle se mesure \u00e0 l&rsquo;aide d&rsquo;une balance sp\u00e9cialis\u00e9e. On obtient ainsi :<\/p>\n<ul>\n<li>La masse grasse<\/li>\n<li>La masse musculaire<\/li>\n<li>La masse osseuse<\/li>\n<li>La masse hydrique<\/li>\n<\/ul>\n<p>Cela permet notamment :<\/p>\n<p>&#8211; d&rsquo;\u00e9valuer sa perte de poids : on peut v\u00e9rifier que l&rsquo;on perd bien de la masse grasse et non du muscle<\/p>\n<p>&#8211; de connaitre son m\u00e9tabolisme de base, c&rsquo;est-\u00e0-dire le nombre de calories minimum indispensables quotidiennement \u00e0 notre organisme pour survivre<\/p>\n<p>Une imp\u00e9dancem\u00e9trie sera effectu\u00e9e \u00e0 chaque consultation afin d&rsquo;\u00e9valuer la progression.<\/p>\n<p>Si vous souhaitez juste avoir une situation de composition corporelle, vous pouvez prendre rendez-vous uniquement pour une mesure d&rsquo;imp\u00e9dancem\u00e9trie.<\/p>\n","protected":false},"excerpt":{"rendered":"<p>1\u00e8re consultation : le bilan nutritionnel &#8211; environ 1h (adulte) \u00e0 1h30 (b\u00e9b\u00e9 \/ enfant) Cette premi\u00e8re consultation est tr\u00e8s importante. Elle me permettra de mieux vous connaitre et de faire un bilan complet sur votre alimentation afin de vous &hellip; <a href=\"https:\/\/dietetique77.fr\/?page_id=2\">Continuer la lecture <span class=\"meta-nav\">&rarr;<\/span><\/a><\/p>\n","protected":false},"author":1,"featured_media":0,"parent":0,"menu_order":2,"comment_status":"closed","ping_status":"open","template":"","meta":{"_mi_skip_tracking":false,"_monsterinsights_sitenote_active":false,"_monsterinsights_sitenote_note":"","_monsterinsights_sitenote_category":0,"jetpack_post_was_ever_published":false,"footnotes":""},"jetpack_sharing_enabled":true,"jetpack_shortlink":"https:\/\/wp.me\/P9AQGn-2","_links":{"self":[{"href":"https:\/\/dietetique77.fr\/index.php?rest_route=\/wp\/v2\/pages\/2"}],"collection":[{"href":"https:\/\/dietetique77.fr\/index.php?rest_route=\/wp\/v2\/pages"}],"about":[{"href":"https:\/\/dietetique77.fr\/index.php?rest_route=\/wp\/v2\/types\/page"}],"author":[{"embeddable":true,"href":"https:\/\/dietetique77.fr\/index.php?rest_route=\/wp\/v2\/users\/1"}],"replies":[{"embeddable":true,"href":"https:\/\/dietetique77.fr\/index.php?rest_route=%2Fwp%2Fv2%2Fcomments&post=2"}],"version-history":[{"count":14,"href":"https:\/\/dietetique77.fr\/index.php?rest_route=\/wp\/v2\/pages\/2\/revisions"}],"predecessor-version":[{"id":293,"href":"https:\/\/dietetique77.fr\/index.php?rest_route=\/wp\/v2\/pages\/2\/revisions\/293"}],"wp:attachment":[{"href":"https:\/\/dietetique77.fr\/index.php?rest_route=%2Fwp%2Fv2%2Fmedia&parent=2"}],"curies":[{"name":"wp","href":"https:\/\/api.w.org\/{rel}","templated":true}]}}